{"id":12570,"date":"2026-04-10T14:06:29","date_gmt":"2026-04-10T12:06:29","guid":{"rendered":"https:\/\/ultratraildepons.fr\/?page_id=12570"},"modified":"2026-04-10T14:19:37","modified_gmt":"2026-04-10T12:19:37","slug":"pourquoi-participer","status":"publish","type":"page","link":"https:\/\/ultratraildepons.fr\/?page_id=12570","title":{"rendered":"Pourquoi Participer"},"content":{"rendered":"<div data-colibri-id=\"12570-c1\" class=\"style-1996 style-local-12570-c1 position-relative\">\n  <!---->\n  <div data-colibri-component=\"section\" data-colibri-id=\"12570-c2\" id=\"custom\" class=\"h-section h-section-global-spacing d-flex align-items-lg-center align-items-md-center align-items-center style-1997 style-local-12570-c2 position-relative\">\n    <!---->\n    <!---->\n    <div class=\"h-section-grid-container h-section-boxed-container\">\n      <!---->\n      <div data-colibri-id=\"12570-c5\" class=\"h-row-container gutters-row-lg-2 gutters-row-md-2 gutters-row-0 gutters-row-v-lg-2 gutters-row-v-md-2 gutters-row-v-2 style-2000 style-local-12570-c5 position-relative\">\n        <!---->\n        <div class=\"h-row justify-content-lg-center justify-content-md-center justify-content-center align-items-lg-stretch align-items-md-stretch align-items-stretch gutters-col-lg-2 gutters-col-md-2 gutters-col-0 gutters-col-v-lg-2 gutters-col-v-md-2 gutters-col-v-2\">\n          <!---->\n          <div class=\"h-column h-column-container d-flex h-col-lg-auto h-col-md-auto h-col-auto style-2001-outer style-local-12570-c6-outer\">\n            <div data-colibri-id=\"12570-c6\" class=\"d-flex h-flex-basis h-column__inner h-px-lg-2 h-px-md-2 h-px-2 v-inner-lg-2 v-inner-md-2 v-inner-2 style-2001 style-local-12570-c6 position-relative\">\n              <!---->\n              <!---->\n              <div class=\"w-100 h-y-container h-column__content h-column__v-align flex-basis-100 align-self-lg-start align-self-md-start align-self-start\">\n                <!---->\n                <div data-colibri-id=\"12570-c7\" class=\"style-2002 style-local-12570-c7 position-relative h-element\">\n                  <!---->\n                  <div class=\"\">\r\n<h2 class=\"courses-title-icon\">\r\n\t <span class=\"icon\">\u2753<\/span>\r\n\tPourquoi participer \u00e0 l\u2019UTP ?\r\n<\/h2>\r\n<div class=\"title-line-circle\"><\/div>\r\n  <div class=\"utp-section-subtitle\">\r\n    Plus qu\u2019une course, une exp\u00e9rience \u00e0 vivre au c\u0153ur de la Saintonge.\r\n  <\/div>\r\n\r\n  <div class=\"courses-grid\">\r\n\r\n    <div class=\"utp-card\">\r\n      <div class=\"utp-why-icon\">\ud83c\udf04<\/div>\r\n      <h3>Paysages &amp; patrimoine<\/h3>\r\n      <p>Des parcours entre vignes, vallons, ruelles et monuments, dans une ambiance unique.<\/p>\r\n    <\/div>\r\n\r\n    <div class=\"utp-card\">\r\n      <div class=\"utp-why-icon\">\ud83c\udfc3<\/div>\r\n      <h3>Des d\u00e9fis pour tous<\/h3>\r\n      <p>Du coureur d\u00e9butant \u00e0 l\u2019ultra-traileur, chacun trouve son format et son d\u00e9fi.<\/p>\r\n    <\/div>\r\n\r\n    <div class=\"utp-card\">\r\n      <div class=\"utp-why-icon\">\ud83c\udf89<\/div>\r\n      <h3>Ambiance conviviale<\/h3>\r\n      <p>Une \u00e9quipe de b\u00e9n\u00e9voles engag\u00e9s, un village anim\u00e9, une arriv\u00e9e dont on se souvient.<\/p>\r\n    <\/div>\r\n\r\n  <\/div><\/div>\n                <\/div>\n              <\/div>\n            <\/div>\n          <\/div>\n        <\/div>\n      <\/div>\n    <\/div>\n  <\/div>\n<\/div>","protected":false},"excerpt":{"rendered":"","protected":false},"author":1,"featured_media":0,"parent":0,"menu_order":0,"comment_status":"closed","ping_status":"closed","template":"page-templates\/full-width-page.php","meta":{"_eb_attr":"","ngg_post_thumbnail":0,"footnotes":""},"class_list":["post-12570","page","type-page","status-publish","hentry"],"yoast_head":"<!-- This site is optimized with the Yoast SEO plugin v27.3 - https:\/\/yoast.com\/product\/yoast-seo-wordpress\/ -->\n<title>Pourquoi Participer - ULTRA TRAIL DE PONS (17800)<\/title>\n<meta name=\"robots\" content=\"index, follow, max-snippet:-1, max-image-preview:large, max-video-preview:-1\" \/>\n<link rel=\"canonical\" href=\"https:\/\/ultratraildepons.fr\/?page_id=12570\" \/>\n<meta property=\"og:locale\" content=\"fr_FR\" \/>\n<meta property=\"og:type\" content=\"article\" \/>\n<meta property=\"og:title\" content=\"Pourquoi Participer - ULTRA TRAIL DE PONS (17800)\" \/>\n<meta property=\"og:url\" content=\"https:\/\/ultratraildepons.fr\/?page_id=12570\" \/>\n<meta property=\"og:site_name\" content=\"ULTRA TRAIL DE PONS (17800)\" \/>\n<meta property=\"article:publisher\" content=\"https:\/\/www.facebook.com\/profile.php?id=100088232542487\" \/>\n<meta property=\"article:modified_time\" content=\"2026-04-10T12:19:37+00:00\" \/>\n<meta property=\"og:image\" content=\"https:\/\/ultratraildepons.fr\/wp-content\/uploads\/2023\/06\/tempFileForShare_20230511-092125.jpg\" \/>\n\t<meta property=\"og:image:width\" content=\"691\" \/>\n\t<meta property=\"og:image:height\" content=\"576\" \/>\n\t<meta property=\"og:image:type\" content=\"image\/jpeg\" \/>\n<meta name=\"twitter:card\" content=\"summary_large_image\" \/>\n<script type=\"application\/ld+json\" class=\"yoast-schema-graph\">{\"@context\":\"https:\\\/\\\/schema.org\",\"@graph\":[{\"@type\":\"WebPage\",\"@id\":\"https:\\\/\\\/ultratraildepons.fr\\\/?page_id=12570\",\"url\":\"https:\\\/\\\/ultratraildepons.fr\\\/?page_id=12570\",\"name\":\"Pourquoi Participer - ULTRA TRAIL DE PONS (17800)\",\"isPartOf\":{\"@id\":\"https:\\\/\\\/ultratraildepons.fr\\\/#website\"},\"datePublished\":\"2026-04-10T12:06:29+00:00\",\"dateModified\":\"2026-04-10T12:19:37+00:00\",\"breadcrumb\":{\"@id\":\"https:\\\/\\\/ultratraildepons.fr\\\/?page_id=12570#breadcrumb\"},\"inLanguage\":\"fr-FR\",\"potentialAction\":[{\"@type\":\"ReadAction\",\"target\":[\"https:\\\/\\\/ultratraildepons.fr\\\/?page_id=12570\"]}]},{\"@type\":\"BreadcrumbList\",\"@id\":\"https:\\\/\\\/ultratraildepons.fr\\\/?page_id=12570#breadcrumb\",\"itemListElement\":[{\"@type\":\"ListItem\",\"position\":1,\"name\":\"Accueil\",\"item\":\"https:\\\/\\\/ultratraildepons.fr\\\/\"},{\"@type\":\"ListItem\",\"position\":2,\"name\":\"Pourquoi Participer\"}]},{\"@type\":\"WebSite\",\"@id\":\"https:\\\/\\\/ultratraildepons.fr\\\/#website\",\"url\":\"https:\\\/\\\/ultratraildepons.fr\\\/\",\"name\":\"ULTRA TRAIL DE PONS (17800)\",\"description\":\"Oublier que c&#039;est impossible, avancer et r\u00e9aliser son d\u00e9fi !\",\"publisher\":{\"@id\":\"https:\\\/\\\/ultratraildepons.fr\\\/#organization\"},\"inLanguage\":\"fr-FR\"},{\"@type\":\"Organization\",\"@id\":\"https:\\\/\\\/ultratraildepons.fr\\\/#organization\",\"name\":\"ULTRA TRAIL DE PONS (17800)\",\"url\":\"https:\\\/\\\/ultratraildepons.fr\\\/\",\"logo\":{\"@type\":\"ImageObject\",\"inLanguage\":\"fr-FR\",\"@id\":\"https:\\\/\\\/ultratraildepons.fr\\\/#\\\/schema\\\/logo\\\/image\\\/\",\"url\":\"https:\\\/\\\/ultratraildepons.fr\\\/wp-content\\\/uploads\\\/2026\\\/03\\\/Copilot_20260329_212221.png\",\"contentUrl\":\"https:\\\/\\\/ultratraildepons.fr\\\/wp-content\\\/uploads\\\/2026\\\/03\\\/Copilot_20260329_212221.png\",\"width\":1024,\"height\":1024,\"caption\":\"ULTRA TRAIL DE PONS (17800)\"},\"image\":{\"@id\":\"https:\\\/\\\/ultratraildepons.fr\\\/#\\\/schema\\\/logo\\\/image\\\/\"},\"sameAs\":[\"https:\\\/\\\/www.facebook.com\\\/profile.php?id=100088232542487\"]}]}<\/script>\n<!-- \/ Yoast SEO plugin. -->","yoast_head_json":{"title":"Pourquoi Participer - ULTRA TRAIL DE PONS (17800)","robots":{"index":"index","follow":"follow","max-snippet":"max-snippet:-1","max-image-preview":"max-image-preview:large","max-video-preview":"max-video-preview:-1"},"canonical":"https:\/\/ultratraildepons.fr\/?page_id=12570","og_locale":"fr_FR","og_type":"article","og_title":"Pourquoi Participer - ULTRA TRAIL DE PONS (17800)","og_url":"https:\/\/ultratraildepons.fr\/?page_id=12570","og_site_name":"ULTRA TRAIL DE PONS (17800)","article_publisher":"https:\/\/www.facebook.com\/profile.php?id=100088232542487","article_modified_time":"2026-04-10T12:19:37+00:00","og_image":[{"width":691,"height":576,"url":"https:\/\/ultratraildepons.fr\/wp-content\/uploads\/2023\/06\/tempFileForShare_20230511-092125.jpg","type":"image\/jpeg"}],"twitter_card":"summary_large_image","schema":{"@context":"https:\/\/schema.org","@graph":[{"@type":"WebPage","@id":"https:\/\/ultratraildepons.fr\/?page_id=12570","url":"https:\/\/ultratraildepons.fr\/?page_id=12570","name":"Pourquoi Participer - ULTRA TRAIL DE PONS (17800)","isPartOf":{"@id":"https:\/\/ultratraildepons.fr\/#website"},"datePublished":"2026-04-10T12:06:29+00:00","dateModified":"2026-04-10T12:19:37+00:00","breadcrumb":{"@id":"https:\/\/ultratraildepons.fr\/?page_id=12570#breadcrumb"},"inLanguage":"fr-FR","potentialAction":[{"@type":"ReadAction","target":["https:\/\/ultratraildepons.fr\/?page_id=12570"]}]},{"@type":"BreadcrumbList","@id":"https:\/\/ultratraildepons.fr\/?page_id=12570#breadcrumb","itemListElement":[{"@type":"ListItem","position":1,"name":"Accueil","item":"https:\/\/ultratraildepons.fr\/"},{"@type":"ListItem","position":2,"name":"Pourquoi Participer"}]},{"@type":"WebSite","@id":"https:\/\/ultratraildepons.fr\/#website","url":"https:\/\/ultratraildepons.fr\/","name":"ULTRA TRAIL DE PONS (17800)","description":"Oublier que c&#039;est impossible, avancer et r\u00e9aliser son d\u00e9fi !","publisher":{"@id":"https:\/\/ultratraildepons.fr\/#organization"},"inLanguage":"fr-FR"},{"@type":"Organization","@id":"https:\/\/ultratraildepons.fr\/#organization","name":"ULTRA TRAIL DE PONS (17800)","url":"https:\/\/ultratraildepons.fr\/","logo":{"@type":"ImageObject","inLanguage":"fr-FR","@id":"https:\/\/ultratraildepons.fr\/#\/schema\/logo\/image\/","url":"https:\/\/ultratraildepons.fr\/wp-content\/uploads\/2026\/03\/Copilot_20260329_212221.png","contentUrl":"https:\/\/ultratraildepons.fr\/wp-content\/uploads\/2026\/03\/Copilot_20260329_212221.png","width":1024,"height":1024,"caption":"ULTRA TRAIL DE PONS (17800)"},"image":{"@id":"https:\/\/ultratraildepons.fr\/#\/schema\/logo\/image\/"},"sameAs":["https:\/\/www.facebook.com\/profile.php?id=100088232542487"]}]}},"jetpack_sharing_enabled":true,"_links":{"self":[{"href":"https:\/\/ultratraildepons.fr\/index.php?rest_route=\/wp\/v2\/pages\/12570","targetHints":{"allow":["GET"]}}],"collection":[{"href":"https:\/\/ultratraildepons.fr\/index.php?rest_route=\/wp\/v2\/pages"}],"about":[{"href":"https:\/\/ultratraildepons.fr\/index.php?rest_route=\/wp\/v2\/types\/page"}],"author":[{"embeddable":true,"href":"https:\/\/ultratraildepons.fr\/index.php?rest_route=\/wp\/v2\/users\/1"}],"replies":[{"embeddable":true,"href":"https:\/\/ultratraildepons.fr\/index.php?rest_route=%2Fwp%2Fv2%2Fcomments&post=12570"}],"version-history":[{"count":4,"href":"https:\/\/ultratraildepons.fr\/index.php?rest_route=\/wp\/v2\/pages\/12570\/revisions"}],"predecessor-version":[{"id":12594,"href":"https:\/\/ultratraildepons.fr\/index.php?rest_route=\/wp\/v2\/pages\/12570\/revisions\/12594"}],"wp:attachment":[{"href":"https:\/\/ultratraildepons.fr\/index.php?rest_route=%2Fwp%2Fv2%2Fmedia&parent=12570"}],"curies":[{"name":"wp","href":"https:\/\/api.w.org\/{rel}","templated":true}]}}